{"id":15,"date":"2014-03-17T16:10:01","date_gmt":"2014-03-17T16:10:01","guid":{"rendered":"http:\/\/demo.themegrill.com\/spacious\/?page_id=15"},"modified":"2024-05-27T17:16:06","modified_gmt":"2024-05-27T15:16:06","slug":"responsive-design","status":"publish","type":"page","link":"https:\/\/formation.univ-alger.dz\/fr\/index.php\/responsive-design\/","title":{"rendered":"OBJECTIVES DES FORMATIONS"},"content":{"rendered":"<p>La formation continue est destin\u00e9e aux professionnels et aux demandeurs d\u2019emploi. Elle pr\u00e9sente de nombreux avantages visant \u00e0 s\u00e9curiser et optimiser leur carri\u00e8re professionnelle. En effet, gr\u00e2ce \u00e0 elle, ils peuvent accro\u00eetre leurs chances de progression professionnelle, et par ricochet esp\u00e9rer une promotion sociale des plus motivantes. La formation continue est un formidable levier d\u2019insertion professionnelle, mais aussi de r\u00e9orientation. Elle offre la possibilit\u00e9 de se former et de s\u2019adapter aux changements de conditions de travail bien souvent inh\u00e9rents \u00e0 l\u2019\u00e9mergence des nouvelles technologies.<\/p>\n<p>Vous \u00eates salari\u00e9 ou demandeur d\u2019emploi et vous voulez suivre une formation pour d\u00e9velopper vos comp\u00e9tences ?<\/p>\n","protected":false},"excerpt":{"rendered":"<p>La formation continue est un mode d\u2019apprentissage propos\u00e9 aux professionnels salari\u00e9s et aux demandeurs d\u2019emploi en vue d\u2019am\u00e9liorer leurs comp\u00e9tences ou d\u2019acqu\u00e9rir de nouvelles connaissances professionnelles.<\/p>\n","protected":false},"author":1,"featured_media":72,"parent":0,"menu_order":0,"comment_status":"open","ping_status":"open","template":"","meta":{"footnotes":""},"class_list":["post-15","page","type-page","status-publish","has-post-thumbnail","hentry"],"_links":{"self":[{"href":"https:\/\/formation.univ-alger.dz\/fr\/index.php\/wp-json\/wp\/v2\/pages\/15","targetHints":{"allow":["GET"]}}],"collection":[{"href":"https:\/\/formation.univ-alger.dz\/fr\/index.php\/wp-json\/wp\/v2\/pages"}],"about":[{"href":"https:\/\/formation.univ-alger.dz\/fr\/index.php\/wp-json\/wp\/v2\/types\/page"}],"author":[{"embeddable":true,"href":"https:\/\/formation.univ-alger.dz\/fr\/index.php\/wp-json\/wp\/v2\/users\/1"}],"replies":[{"embeddable":true,"href":"https:\/\/formation.univ-alger.dz\/fr\/index.php\/wp-json\/wp\/v2\/comments?post=15"}],"version-history":[{"count":3,"href":"https:\/\/formation.univ-alger.dz\/fr\/index.php\/wp-json\/wp\/v2\/pages\/15\/revisions"}],"predecessor-version":[{"id":821,"href":"https:\/\/formation.univ-alger.dz\/fr\/index.php\/wp-json\/wp\/v2\/pages\/15\/revisions\/821"}],"wp:featuredmedia":[{"embeddable":true,"href":"https:\/\/formation.univ-alger.dz\/fr\/index.php\/wp-json\/wp\/v2\/media\/72"}],"wp:attachment":[{"href":"https:\/\/formation.univ-alger.dz\/fr\/index.php\/wp-json\/wp\/v2\/media?parent=15"}],"curies":[{"name":"wp","href":"https:\/\/api.w.org\/{rel}","templated":true}]}}