{"id":841,"date":"2024-06-02T16:26:03","date_gmt":"2024-06-02T14:26:03","guid":{"rendered":"http:\/\/formation.univ-alger.dz\/?page_id=841"},"modified":"2024-06-02T18:07:34","modified_gmt":"2024-06-02T16:07:34","slug":"sciences","status":"publish","type":"page","link":"https:\/\/formation.univ-alger.dz\/fr\/index.php\/sciences\/","title":{"rendered":"sciences"},"content":{"rendered":"\n<p>LISTES DES FORMATIONS<\/p>\n\n\n\n<figure class=\"wp-block-table\"><table><tbody><tr><td class=\"has-text-align-right\" data-align=\"right\"><strong>\u0627\u0644\u062d\u062c\u0645 \u0627\u0644\u0633\u0627\u0639\u064a \u0627\u0644\u0643\u0644\u064a \u0644\u0628\u0631\u0646\u0627\u0645\u062c \u0627\u0644\u062a\u0643\u0648\u064a\u0646<\/strong><\/td><td><strong>\u0645\u062f\u0629 \u0627\u0644\u062a\u0643\u0648\u064a\u0646<\/strong><\/td><td><strong>\u0627\u0644\u0646\u0645\u0637 \u0627\u0644\u0628\u064a\u062f\u0627\u063a\u0648\u062c\u064a \u0644\u0644\u062a\u0643\u0648\u064a\u0646<\/strong><\/td><td><strong>\u0637\u0628\u064a\u0639\u0629 \u0627\u0644\u062a\u0643\u0648\u064a\u0646<\/strong><\/td><td class=\"has-text-align-center\" data-align=\"center\"><strong>\u0639\u0646\u0648\u0627\u0646 \u0639\u0631\u0636 \u0627\u0644\u062a\u0643\u0648\u064a\u0646<\/strong><\/td><\/tr><tr><td class=\"has-text-align-right\" data-align=\"right\">120 \u0633\u0627\u0639\u0629<\/td><td>\u0634\u0647\u0631\u0627\u0646<\/td><td>\u0645\u062e\u062a\u0644\u0637<\/td><td>\u0625\u0634\u0647\u0627\u062f\u064a<\/td><td class=\"has-text-align-center\" data-align=\"center\">HSE (Hygi\u00e8ne S\u00e9curit\u00e9 Environnement)<\/td><\/tr><tr><td class=\"has-text-align-right\" data-align=\"right\">\u0633\u0627\u0639\u0629 \u0644\u0643\u0644 \u0645\u0633\u062a\u0648\u064945<\/td><td>3 \u0645\u0633\u062a\u0648\u064a\u0627\u062a<\/td><td>\u062d\u0636\u0648\u0631\u064a<\/td><td>\u0625\u0634\u0647\u0627\u062f\u064a<\/td><td class=\"has-text-align-center\" data-align=\"center\">Biostatistiques avec le logiciel R<\/td><\/tr><tr><td class=\"has-text-align-right\" data-align=\"right\">30 \u0633\u0627\u0639\u0629<\/td><td>\u0634\u0647\u0631 \u0648\u0627\u062d\u062f<\/td><td>\u062d\u0636\u0648\u0631\u064a<\/td><td>\u0630\u0648 \u0645\u062f\u0629 \u0642\u0635\u064a\u0631\u0629<\/td><td class=\"has-text-align-center\" data-align=\"center\">\u0623\u0645\u0646 \u0623\u062c\u0647\u0632\u0629 \u0627\u0644\u0625\u0639\u0644\u0627\u0645 \u0627\u0644\u0622\u0644\u064a<\/td><\/tr><tr><td class=\"has-text-align-right\" data-align=\"right\">30 \u0633\u0627\u0639\u0629<\/td><td>\u0634\u0647\u0631 \u0648\u0627\u062d\u062f<\/td><td>\u062d\u0636\u0648\u0631\u064a<\/td><td>\u0630\u0648 \u0645\u062f\u0629 \u0642\u0635\u064a\u0631\u0629<\/td><td class=\"has-text-align-center\" data-align=\"center\">\u0623\u0645\u0646 \u0623\u062c\u0647\u0632\u0629 \u0627\u0644\u0647\u0648\u0627\u062a\u0641 \u0627\u0644\u0630\u0643\u064a\u0629<\/td><\/tr><tr><td class=\"has-text-align-right\" data-align=\"right\">48 \u0633\u0627\u0639\u0629<\/td><td>\u0634\u0647\u0631 \u0648\u0627\u062d\u062f<\/td><td>\u062d\u0636\u0648\u0631\u064a<\/td><td>\u0630\u0648 \u0645\u062f\u0629 \u0642\u0635\u064a\u0631\u0629<\/td><td class=\"has-text-align-center\" data-align=\"center\">Cartographie et SIG<\/td><\/tr><\/tbody><\/table><\/figure>\n","protected":false},"excerpt":{"rendered":"<p>LISTES DES FORMATIONS \u0627\u0644\u062d\u062c\u0645 \u0627\u0644\u0633\u0627\u0639\u064a \u0627\u0644\u0643\u0644\u064a \u0644\u0628\u0631\u0646\u0627\u0645\u062c \u0627\u0644\u062a\u0643\u0648\u064a\u0646 \u0645\u062f\u0629 \u0627\u0644\u062a\u0643\u0648\u064a\u0646 \u0627\u0644\u0646\u0645\u0637 \u0627\u0644\u0628\u064a\u062f\u0627\u063a\u0648\u062c\u064a \u0644\u0644\u062a\u0643\u0648\u064a\u0646 \u0637\u0628\u064a\u0639\u0629 \u0627\u0644\u062a\u0643\u0648\u064a\u0646 \u0639\u0646\u0648\u0627\u0646 \u0639\u0631\u0636 \u0627\u0644\u062a\u0643\u0648\u064a\u0646 120 \u0633\u0627\u0639\u0629 \u0634\u0647\u0631\u0627\u0646 \u0645\u062e\u062a\u0644\u0637 \u0625\u0634\u0647\u0627\u062f\u064a HSE (Hygi\u00e8ne S\u00e9curit\u00e9 Environnement) \u0633\u0627\u0639\u0629 \u0644\u0643\u0644 \u0645\u0633\u062a\u0648\u064945 3 \u0645\u0633\u062a\u0648\u064a\u0627\u062a \u062d\u0636\u0648\u0631\u064a \u0625\u0634\u0647\u0627\u062f\u064a Biostatistiques avec le logiciel R 30<\/p>\n","protected":false},"author":1,"featured_media":842,"parent":0,"menu_order":0,"comment_status":"closed","ping_status":"closed","template":"","meta":{"footnotes":""},"class_list":["post-841","page","type-page","status-publish","has-post-thumbnail","hentry"],"_links":{"self":[{"href":"https:\/\/formation.univ-alger.dz\/fr\/index.php\/wp-json\/wp\/v2\/pages\/841","targetHints":{"allow":["GET"]}}],"collection":[{"href":"https:\/\/formation.univ-alger.dz\/fr\/index.php\/wp-json\/wp\/v2\/pages"}],"about":[{"href":"https:\/\/formation.univ-alger.dz\/fr\/index.php\/wp-json\/wp\/v2\/types\/page"}],"author":[{"embeddable":true,"href":"https:\/\/formation.univ-alger.dz\/fr\/index.php\/wp-json\/wp\/v2\/users\/1"}],"replies":[{"embeddable":true,"href":"https:\/\/formation.univ-alger.dz\/fr\/index.php\/wp-json\/wp\/v2\/comments?post=841"}],"version-history":[{"count":2,"href":"https:\/\/formation.univ-alger.dz\/fr\/index.php\/wp-json\/wp\/v2\/pages\/841\/revisions"}],"predecessor-version":[{"id":854,"href":"https:\/\/formation.univ-alger.dz\/fr\/index.php\/wp-json\/wp\/v2\/pages\/841\/revisions\/854"}],"wp:featuredmedia":[{"embeddable":true,"href":"https:\/\/formation.univ-alger.dz\/fr\/index.php\/wp-json\/wp\/v2\/media\/842"}],"wp:attachment":[{"href":"https:\/\/formation.univ-alger.dz\/fr\/index.php\/wp-json\/wp\/v2\/media?parent=841"}],"curies":[{"name":"wp","href":"https:\/\/api.w.org\/{rel}","templated":true}]}}