{"id":837,"date":"2024-06-02T16:20:35","date_gmt":"2024-06-02T14:20:35","guid":{"rendered":"http:\/\/formation.univ-alger.dz\/?page_id=837"},"modified":"2024-06-02T18:12:52","modified_gmt":"2024-06-02T16:12:52","slug":"medecine","status":"publish","type":"page","link":"https:\/\/formation.univ-alger.dz\/index.php\/medecine\/","title":{"rendered":"M\u00e9decine"},"content":{"rendered":"\n<figure class=\"wp-block-table\"><table><tbody><tr><td><strong>\u0639\u0646\u0648\u0627\u0646 \u0639\u0631\u0636 \u0627\u0644\u062a\u0643\u0648\u064a\u0646<\/strong><strong><\/strong><\/td><td><strong>\u0627\u0644\u0643\u0644\u064a\u0629<\/strong><strong><\/strong><\/td><td><strong>\u0637\u0628\u064a\u0639\u0629 \u0627\u0644\u062a\u0643\u0648\u064a\u0646<\/strong><strong><\/strong><\/td><td><strong>\u0627\u0644\u0646\u0645\u0637 \u0627\u0644\u0628\u064a\u062f\u0627\u063a\u0648\u062c\u064a \u0644\u0644\u062a\u0643\u0648\u064a\u0646<\/strong><\/td><td><strong>\u0645\u062f\u0629 \u0627\u0644\u062a\u0643\u0648\u064a\u0646<\/strong><strong><\/strong><\/td><td><strong>\u0627\u0644\u062d\u062c\u0645 \u0627\u0644\u0633\u0627\u0639\u064a \u0627\u0644\u0643\u0644\u064a \u0644\u0628\u0631\u0646\u0627\u0645\u062c \u0627\u0644\u062a\u0643\u0648\u064a\u0646<\/strong><strong><\/strong><\/td><\/tr><tr><td>Proctologie<\/td><td rowspan=\"12\">&nbsp; &nbsp; &nbsp; &nbsp; &nbsp; &nbsp; &nbsp; &nbsp; \u0627\u0644\u0637\u0628<\/td><td rowspan=\"12\">&nbsp; &nbsp; &nbsp; &nbsp; &nbsp; &nbsp; &nbsp; Formation continue certifiante&nbsp;: <strong>Certificat de Sur Sp\u00e9cialisation en Sciences M\u00e9dicales \u00ab&nbsp;CSS&nbsp;\u00bb<\/strong><strong><\/strong><\/td><td rowspan=\"12\">&nbsp; &nbsp; &nbsp; &nbsp; &nbsp; &nbsp; &nbsp; Pr\u00e9sentiel<\/td><td rowspan=\"12\">&nbsp; &nbsp; &nbsp; &nbsp; 12 \u00e0 24 mois<\/td><td rowspan=\"12\">&nbsp; &nbsp; &nbsp; &nbsp; &nbsp; 40 \u00e0 388 heures &nbsp;<\/td><\/tr><tr><td>Urodynamique &amp; Pelvi-p\u00e9rin\u00e9ologie<\/td><\/tr><tr><td>Nutrition, alimentation &amp; Stress Oxydant<\/td><\/tr><tr><td>Cardiologie du Sport<\/td><\/tr><tr><td>Stimulation Cardiaque<\/td><\/tr><tr><td>Allergologie<\/td><\/tr><tr><td>Chirurgie H\u00e9pato-biliaire<\/td><\/tr><tr><td>Anthropologie M\u00e9dico-L\u00e9gale<\/td><\/tr><tr><td>Cardio-Oncologie<\/td><\/tr><tr><td>Chirurgie Oeso-Gastro-duod\u00e9nale<\/td><\/tr><tr><td>H\u00e9pato-Gastroent\u00e9rologie &amp; Nutrition P\u00e9diatrique<\/td><\/tr><tr><td>Nutrition<\/td><\/tr><tr><td>Diab\u00e9tologie<\/td><td rowspan=\"5\">&nbsp; &nbsp; &nbsp; &nbsp; \u0627\u0644\u0637\u0628<\/td><td rowspan=\"5\">Formation continue certifiante&nbsp;: <strong>Certificat d\u2019\u00e9tudes Sp\u00e9ciales en Sciences M\u00e9dicales \u00ab&nbsp;CES&nbsp;\u00bb<\/strong><\/td><td>Pr\u00e9sentiel<\/td><td rowspan=\"5\">&nbsp; &nbsp; 10 \u00e0 24 mois &nbsp;<\/td><td rowspan=\"5\">&nbsp; &nbsp; &nbsp; &nbsp; &nbsp; 240 \u00e0 320 heures &nbsp;<\/td><\/tr><tr><td>M\u00e9decine d\u2019Urgence<\/td><td>Pr\u00e9sentiel<\/td><\/tr><tr><td>Chirurgie Cardiaque (Circulation Extra-Corporelle)<\/td><td>Pr\u00e9sentiel<\/td><\/tr><tr><td>M\u00e9decine L\u00e9gale<\/td><td rowspan=\"2\">Pr\u00e9sentiel<\/td><\/tr><tr><td>Allergologie<\/td><\/tr><\/tbody><\/table><\/figure>\n","protected":false},"excerpt":{"rendered":"<p>\u0639\u0646\u0648\u0627\u0646 \u0639\u0631\u0636 \u0627\u0644\u062a\u0643\u0648\u064a\u0646 \u0627\u0644\u0643\u0644\u064a\u0629 \u0637\u0628\u064a\u0639\u0629 \u0627\u0644\u062a\u0643\u0648\u064a\u0646 \u0627\u0644\u0646\u0645\u0637 \u0627\u0644\u0628\u064a\u062f\u0627\u063a\u0648\u062c\u064a \u0644\u0644\u062a\u0643\u0648\u064a\u0646 \u0645\u062f\u0629 \u0627\u0644\u062a\u0643\u0648\u064a\u0646 \u0627\u0644\u062d\u062c\u0645 \u0627\u0644\u0633\u0627\u0639\u064a \u0627\u0644\u0643\u0644\u064a \u0644\u0628\u0631\u0646\u0627\u0645\u062c \u0627\u0644\u062a\u0643\u0648\u064a\u0646 Proctologie &nbsp; &nbsp; &nbsp; &nbsp; &nbsp; &nbsp; &nbsp; &nbsp; \u0627\u0644\u0637\u0628 &nbsp; &nbsp; &nbsp; &nbsp; &nbsp; &nbsp; &nbsp; Formation continue certifiante&nbsp;: Certificat de Sur Sp\u00e9cialisation<\/p>\n","protected":false},"author":1,"featured_media":835,"parent":0,"menu_order":0,"comment_status":"closed","ping_status":"closed","template":"","meta":{"footnotes":""},"class_list":["post-837","page","type-page","status-publish","has-post-thumbnail","hentry"],"_links":{"self":[{"href":"https:\/\/formation.univ-alger.dz\/index.php\/wp-json\/wp\/v2\/pages\/837","targetHints":{"allow":["GET"]}}],"collection":[{"href":"https:\/\/formation.univ-alger.dz\/index.php\/wp-json\/wp\/v2\/pages"}],"about":[{"href":"https:\/\/formation.univ-alger.dz\/index.php\/wp-json\/wp\/v2\/types\/page"}],"author":[{"embeddable":true,"href":"https:\/\/formation.univ-alger.dz\/index.php\/wp-json\/wp\/v2\/users\/1"}],"replies":[{"embeddable":true,"href":"https:\/\/formation.univ-alger.dz\/index.php\/wp-json\/wp\/v2\/comments?post=837"}],"version-history":[{"count":2,"href":"https:\/\/formation.univ-alger.dz\/index.php\/wp-json\/wp\/v2\/pages\/837\/revisions"}],"predecessor-version":[{"id":855,"href":"https:\/\/formation.univ-alger.dz\/index.php\/wp-json\/wp\/v2\/pages\/837\/revisions\/855"}],"wp:featuredmedia":[{"embeddable":true,"href":"https:\/\/formation.univ-alger.dz\/index.php\/wp-json\/wp\/v2\/media\/835"}],"wp:attachment":[{"href":"https:\/\/formation.univ-alger.dz\/index.php\/wp-json\/wp\/v2\/media?parent=837"}],"curies":[{"name":"wp","href":"https:\/\/api.w.org\/{rel}","templated":true}]}}